{"id":727,"date":"2014-10-31T14:36:06","date_gmt":"2014-10-31T12:36:06","guid":{"rendered":"http:\/\/kaizengallery.com\/blog\/?page_id=727"},"modified":"2024-02-29T10:36:34","modified_gmt":"2024-02-29T08:36:34","slug":"theses-monographs","status":"publish","type":"page","link":"https:\/\/kaizengallery.com\/blog\/theses-monographs\/","title":{"rendered":"Editorial partnership \/ Contribution to publications"},"content":{"rendered":"<p><span style=\"color: #000000;\">The KaizenGallery provides images, plans and a lot of information used by searchers, teachers and students to help them to write and to illustrate their books, theses and monographs. The KaizenGallery 2.1 is linked with Universities, schools and encyclopedias,\u00a0 including Wikipedia, Academia.edu, etc&#8230;<\/span><\/p>\n<p><span style=\"color: #000000;\"><span style=\"color: #000000;\"><strong>1-<a href=\"http:\/\/www.brill.com\/publications\/encyclopaedia-islam-three\" target=\"_blank\" rel=\"noopener noreferrer\"> Encyclopaedia of Islam 3<\/a><\/strong>, (Project Manager Dr Morits van den Boogert, updated 2008), Leyden University, Brill edition. <\/span><\/span><\/p>\n<p><span style=\"color: #000000;\"><span style=\"color: #000000;\"><a href=\"https:\/\/kaizengallery.com\/blog\/wp-content\/uploads\/2014\/10\/encyclopaedia-of-Islam.jpg\"><img loading=\"lazy\" decoding=\"async\" class=\"wp-image-832 aligncenter\" src=\"https:\/\/kaizengallery.com\/blog\/wp-content\/uploads\/2014\/10\/encyclopaedia-of-Islam-225x350.jpg\" alt=\"encyclopaedia of Islam\" width=\"146\" height=\"226\" \/><\/a><\/span><\/span><\/p>\n<p><span style=\"color: #000000;\"><span style=\"color: #000000;\"><strong>2-<\/strong> \u00ab\u00a0<strong>Building Science of Indian Temple Architecture<\/strong>\u00ab\u00a0, Shweta Vardia, Advanced Masters in structural analysis of monuments and historical constructions, Master&rsquo;s Thesis. Supervisor(s): Dr. PAULO JOSE BRANDAO BARBOSA LOURENCO<br \/>Year: 2007 \/ 2008. Visit the hosting site: <a href=\"https:\/\/www.academia.edu\/2305849\/Building_science_of_indian_temple_architecture\" target=\"_blank\" rel=\"noopener noreferrer\">academia.edu,<\/a> or <a href=\"http:\/\/kaizengallery.com\/PDF\/2008_svardia-libre.pdf\">download the thesis<\/a><\/span><\/span>. <span style=\"color: #000000;\">(KaizenGallery provided a plan of Indian architecture)<\/span><\/p>\n<p><span style=\"color: #000000;\"><strong>3- <span style=\"text-decoration: underline; color: #000000;\">A superb project<\/span><\/strong>: a monograph about <strong>Islamic architecture throughout the last 1400 years<\/strong>, with a lot of photos, illustrations, and plans (some of them are provided by the KaizenGallery 2.1). M. Haziq Zulkifli is the Creative Writer (Architecture). He works on behalf of Mr. Azim A. Aziz, Chief Executive Officer. This project is developped by\u00a0<\/span><a title=\"ATSA Architects - Kuala Lumpur - Malaysia\" href=\"http:\/\/www.atsa.com.my\" target=\"_blank\" rel=\"noopener noreferrer\">ATSA Architects Sdn Bhd<\/a><span style=\"color: #000000;\"> \/\u00a0 Kuala Lumpur, Malaysia.<\/span><br \/><strong>Three Samples of the monograph, with kind permission of the author (copyright ATSA-2015):<br \/><\/strong><\/p>\n<p><a href=\"https:\/\/kaizengallery.com\/blog\/wp-content\/uploads\/2014\/10\/P1180327.jpg\"><img loading=\"lazy\" decoding=\"async\" class=\"aligncenter wp-image-1096 size-medium\" src=\"https:\/\/kaizengallery.com\/blog\/wp-content\/uploads\/2014\/10\/P1180327-350x263.jpg\" alt=\"P1180327\" width=\"350\" height=\"263\" srcset=\"https:\/\/kaizengallery.com\/blog\/wp-content\/uploads\/2014\/10\/P1180327-350x263.jpg 350w, https:\/\/kaizengallery.com\/blog\/wp-content\/uploads\/2014\/10\/P1180327-800x600.jpg 800w, https:\/\/kaizengallery.com\/blog\/wp-content\/uploads\/2014\/10\/P1180327.jpg 2048w\" sizes=\"auto, (max-width: 350px) 100vw, 350px\" \/><\/a><\/p>\n<div id='gallery-1' class='gallery galleryid-727 gallery-columns-3 gallery-size-thumbnail'><figure class='gallery-item'>\n\t\t\t<div class='gallery-icon portrait'>\n\t\t\t\t<a href='https:\/\/kaizengallery.com\/blog\/theses-monographs\/bibi-khanym-2-ico\/'><img loading=\"lazy\" decoding=\"async\" width=\"200\" height=\"200\" src=\"https:\/\/kaizengallery.com\/blog\/wp-content\/uploads\/2014\/10\/Bibi-Khanym-2-ico-200x200.jpg\" class=\"attachment-thumbnail size-thumbnail\" alt=\"\" aria-describedby=\"gallery-1-815\" \/><\/a>\n\t\t\t<\/div>\n\t\t\t\t<figcaption class='wp-caption-text gallery-caption' id='gallery-1-815'>\n\t\t\t\tBibi-Khanym mosque\n\t\t\t\t<\/figcaption><\/figure><figure class='gallery-item'>\n\t\t\t<div class='gallery-icon portrait'>\n\t\t\t\t<a href='https:\/\/kaizengallery.com\/blog\/theses-monographs\/c-lotfollah-mosque-2-ico\/'><img loading=\"lazy\" decoding=\"async\" width=\"200\" height=\"200\" src=\"https:\/\/kaizengallery.com\/blog\/wp-content\/uploads\/2014\/10\/C-Lotfollah-Mosque-2-ico-200x200.jpg\" class=\"attachment-thumbnail size-thumbnail\" alt=\"\" aria-describedby=\"gallery-1-816\" \/><\/a>\n\t\t\t<\/div>\n\t\t\t\t<figcaption class='wp-caption-text gallery-caption' id='gallery-1-816'>\n\t\t\t\tLotfollah Mosque\n\t\t\t\t<\/figcaption><\/figure><figure class='gallery-item'>\n\t\t\t<div class='gallery-icon portrait'>\n\t\t\t\t<a href='https:\/\/kaizengallery.com\/blog\/theses-monographs\/the-ibn-tulun-2-ico\/'><img loading=\"lazy\" decoding=\"async\" width=\"200\" height=\"200\" src=\"https:\/\/kaizengallery.com\/blog\/wp-content\/uploads\/2014\/10\/The-Ibn-Tulun-2-ico-200x200.jpg\" class=\"attachment-thumbnail size-thumbnail\" alt=\"\" aria-describedby=\"gallery-1-817\" \/><\/a>\n\t\t\t<\/div>\n\t\t\t\t<figcaption class='wp-caption-text gallery-caption' id='gallery-1-817'>\n\t\t\t\tThe Ibn-Tulun mosque\n\t\t\t\t<\/figcaption><\/figure>\n\t\t<\/div>\n\n<p><strong>4-<\/strong> <strong>\u00ab\u00a0Sensibilit\u00e9 aux ambiances lumineuses dans l\u2019architecture des grandes demeures husseinites du XVIIIe &#8211; d\u00e9but XIXe si\u00e8cles\u00a0\u00bb<\/strong><span style=\"color: #000000;\">, Th\u00e8se en vue de l\u2019obtention du Doctorat en \u00abSciences de l\u2019Architecture \u00bb, pr\u00e9sent\u00e9e et soutenue publiquement par KAROUI Hind le 09 mars 2012. Minist\u00e8re de l&rsquo;Enseignement Sup\u00e9rieur, Universit\u00e9 de Carthage, Ecole Nationale d\u2019Architecture et d\u2019Urbanisme de Tunis. Ecole doctorale \u00ab\u00a0Sciences et Ing\u00e9nieries Architecturales\u00a0\u00bb, Ann\u00e9e 2011-2012. Visit the website:<\/span>\u00a0<a href=\"https:\/\/tel.archives-ouvertes.fr\/tel-00724004\" target=\"_blank\" rel=\"noopener noreferrer\"> HAL Archives ouvertes<\/a>, <span style=\"color: #000000;\">or<\/span> <a href=\"http:\/\/kaizengallery.com\/PDF\/THESE_Hind_Karoui.pdf\">download the thesis<\/a>. (The plan of the courtyard of Alhambra &#8211; Grenade &#8211; comes from KaizenGallery 2.1)<\/p>\n<p><strong>5- \u00ab\u00a0L\u2019\u00e9volution des \u00e9l\u00e9ments architecturaux et architectoniques de la mosqu\u00e9e en vue d\u2019un cadre r\u00e9f\u00e9rentiel de conception. Cas des mosqu\u00e9es\u00a0 historiques de Constantine\u00a0\u00bb<\/strong>, by Melle REDJEM Meriem. M\u00e9moire de Magister &#8211; Option Patrimoine architectural, encadr\u00e9 par Dr BOUFENARA khedidja. Soutenu le: 19 juin 2014. Facult\u00e9 des sciences de la Terre &#8211; D\u00e9partement d&rsquo;architecture. Visit the library of <a href=\"http:\/\/biblio.univ-annaba.dz\/\" target=\"_blank\" rel=\"noopener noreferrer\">Annaba University<\/a>, or <a href=\"http:\/\/kaizengallery.com\/PDF\/BOUFENARA-Khedidja.pdf\">downmoad the thesis<\/a><\/p>\n<p><strong>6- To be continued<\/strong><\/p>\n<p>Rafael de Tours &#8211; Bichon et Gustav Kaizen associ\u00e9s<\/p>\n<p><a href=\"https:\/\/atelier-rafael.fr\" target=\"_blank\" rel=\"noopener\">KaizenGallery &#8211; Atelier Rafael, <\/a>galerie d&rsquo;art en ligne, atelier d&rsquo;artiste, tableau contemporain, restauration de tableau, encadrement de tableau, Nice, Cannes, Monaco,Saint Tropez\u00a0<\/p>\n\n\n<p><\/p>\n","protected":false},"excerpt":{"rendered":"<p>The KaizenGallery provides images, plans and a lot of information used by searchers, teachers and students to help them to write and to illustrate their books, theses and monographs. The KaizenGallery 2.1 is linked with Universities, schools and encyclopedias,\u00a0 including Wikipedia, Academia.edu, etc&#8230; 1- Encyclopaedia of Islam 3, (Project Manager Dr Morits van den Boogert, &hellip; <a href=\"https:\/\/kaizengallery.com\/blog\/theses-monographs\/\" class=\"more-link\">Continuer la lecture de <span class=\"screen-reader-text\">Editorial partnership \/ Contribution to publications<\/span>  <span class=\"meta-nav\">&rarr;<\/span><\/a><\/p>\n","protected":false},"author":1,"featured_media":0,"parent":0,"menu_order":0,"comment_status":"closed","ping_status":"closed","template":"","meta":{"footnotes":""},"class_list":["post-727","page","type-page","status-publish","hentry"],"_links":{"self":[{"href":"https:\/\/kaizengallery.com\/blog\/wp-json\/wp\/v2\/pages\/727","targetHints":{"allow":["GET"]}}],"collection":[{"href":"https:\/\/kaizengallery.com\/blog\/wp-json\/wp\/v2\/pages"}],"about":[{"href":"https:\/\/kaizengallery.com\/blog\/wp-json\/wp\/v2\/types\/page"}],"author":[{"embeddable":true,"href":"https:\/\/kaizengallery.com\/blog\/wp-json\/wp\/v2\/users\/1"}],"replies":[{"embeddable":true,"href":"https:\/\/kaizengallery.com\/blog\/wp-json\/wp\/v2\/comments?post=727"}],"version-history":[{"count":38,"href":"https:\/\/kaizengallery.com\/blog\/wp-json\/wp\/v2\/pages\/727\/revisions"}],"predecessor-version":[{"id":1242,"href":"https:\/\/kaizengallery.com\/blog\/wp-json\/wp\/v2\/pages\/727\/revisions\/1242"}],"wp:attachment":[{"href":"https:\/\/kaizengallery.com\/blog\/wp-json\/wp\/v2\/media?parent=727"}],"curies":[{"name":"wp","href":"https:\/\/api.w.org\/{rel}","templated":true}]}}